{"id":1678,"date":"2022-04-19T19:48:09","date_gmt":"2022-04-19T19:48:09","guid":{"rendered":"http:\/\/10.235.218.31\/?page_id=1678"},"modified":"2024-08-02T16:29:08","modified_gmt":"2024-08-02T16:29:08","slug":"nosotros","status":"publish","type":"page","link":"https:\/\/panamacibersegura.gob.pa\/index.php\/nosotros\/","title":{"rendered":"Nosotros"},"content":{"rendered":"\t\t<div data-elementor-type=\"wp-post\" data-elementor-id=\"1678\" class=\"elementor elementor-1678\" data-elementor-post-type=\"page\">\n\t\t\t\t\t\t<section class=\"elementor-section elementor-top-section elementor-element elementor-element-13679e8 elementor-section-height-min-height elementor-section-items-top elementor-section-boxed elementor-section-height-default\" data-id=\"13679e8\" data-element_type=\"section\" data-e-type=\"section\">\n\t\t\t\t\t\t<div class=\"elementor-container elementor-column-gap-default\">\n\t\t\t\t\t<div class=\"elementor-column elementor-col-100 elementor-top-column elementor-element elementor-element-c1ecf1e\" data-id=\"c1ecf1e\" data-element_type=\"column\" data-e-type=\"column\">\n\t\t\t<div class=\"elementor-widget-wrap elementor-element-populated\">\n\t\t\t\t\t\t<div class=\"elementor-element elementor-element-94bb242 elementor-widget elementor-widget-text-editor\" data-id=\"94bb242\" data-element_type=\"widget\" data-e-type=\"widget\" data-widget_type=\"text-editor.default\">\n\t\t\t\t<div class=\"elementor-widget-container\">\n\t\t\t\t\t\t\t\t\t<p>La Campa\u00f1a Nacional de Ciberseguridad, &#8220;Panam\u00e1 Cibersegura&#8221;, es una iniciativa nacional enfocada en concienciaci\u00f3n y educaci\u00f3n en temas de ciberseguridad para el ciudadano paname\u00f1o. C<span style=\"font-weight: var( --e-global-typography-text-font-weight );\">on el objetivo de brindar la informaci\u00f3n primordial en relaci\u00f3n al cuidado de su identidad digital, compartiendo conocimientos de ciberseguridad, reforzando los conceptos importantes en el ciberespacio que le permitir\u00e1n al ciudadano avanzar de forma responsable en la transformaci\u00f3n digital de nuestro pa\u00eds.<\/span><\/p>\n<p>En la actualidad, nos encontramos con una poblaci\u00f3n que se desarrolla en medio de m\u00faltiples tecnolog\u00edas emergentes, que est\u00e1n integr\u00e1ndose a la rutina com\u00fan del ciudadano. Tambi\u00e9n, a trav\u00e9s de la gesti\u00f3n del gobierno nacional de Panam\u00e1 se impulsan diversas iniciativas que llevan a cabo el desarrollo de espacio digitales que concretan la misi\u00f3n nacional de la transformaci\u00f3n digital.&nbsp;<\/p>\n<p>Nuestra realidad, de incluir esta visi\u00f3n digital del sector gobierno con el incremento de la modalidad h\u00edbrida en el plano laboral, mayor cantidad de servicios en l\u00ednea y nuevas formas de llevar a cabo las actividades econ\u00f3micas de uso cotidiano de la ciudadan\u00eda paname\u00f1a. Nos compromete como entes responsables de impulsar la innovaci\u00f3n en Panam\u00e1, compartir el conocimiento en ciberseguridad, para contar con una ciudadan\u00eda educada que se pueda proteger de las acciones fraudulentas que existen en el ciberespacio.&nbsp;<\/p>\n<p>Con la Publicaci\u00f3n de la \u201cEstrategia Nacional de Ciberseguridad\u201d para el per\u00edodo 2021-2024, mediante gaceta oficial No. 29434-A del mi\u00e9rcoles 15 de diciembre de 2021, seguimos comprometidos con nuestra labor de elevar el conocimiento en ciberseguridad a la sociedad paname\u00f1a, definiendo para este a\u00f1o 2023, fortalecer el Pilar 4 de la estrategia, &#8220;Fomentar una cultura nacional de ciberseguridad&#8221;, impulsando la \u201cCampa\u00f1a Nacional de Ciberseguridad\u201d.&nbsp;<\/p>\n<p>Esta es la primera fase del proyecto, que involucra la colaboraci\u00f3n nacional e&nbsp;<span style=\"font-weight: var( --e-global-typography-text-font-weight );\">internacional<\/span>&nbsp;de entes comprometidos con la concienciaci\u00f3n en ciberseguridad, para fortalecer las actividades sectoriales y los lazos con las organizaciones independientes que desean trabajar juntos a esta campa\u00f1a por un Panam\u00e1 Cibersegura.<\/p>\t\t\t\t\t\t\t\t<\/div>\n\t\t\t\t<\/div>\n\t\t\t\t\t<\/div>\n\t\t<\/div>\n\t\t\t\t\t<\/div>\n\t\t<\/section>\n\t\t\t\t<section class=\"elementor-section elementor-top-section elementor-element elementor-element-2835581 elementor-section-height-min-height elementor-section-items-top elementor-section-boxed elementor-section-height-default\" data-id=\"2835581\" data-element_type=\"section\" data-e-type=\"section\" data-settings=\"{&quot;background_background&quot;:&quot;classic&quot;}\">\n\t\t\t\t\t\t<div class=\"elementor-container elementor-column-gap-default\">\n\t\t\t\t\t<div class=\"elementor-column elementor-col-33 elementor-top-column elementor-element elementor-element-5fef5b3\" data-id=\"5fef5b3\" data-element_type=\"column\" data-e-type=\"column\" data-settings=\"{&quot;background_background&quot;:&quot;classic&quot;}\">\n\t\t\t<div class=\"elementor-widget-wrap elementor-element-populated\">\n\t\t\t\t\t\t<section class=\"elementor-section elementor-inner-section elementor-element elementor-element-cf73819 elementor-section-boxed elementor-section-height-default elementor-section-height-default\" data-id=\"cf73819\" data-element_type=\"section\" data-e-type=\"section\">\n\t\t\t\t\t\t<div class=\"elementor-container elementor-column-gap-default\">\n\t\t\t\t\t<div class=\"elementor-column elementor-col-100 elementor-inner-column elementor-element elementor-element-aa1185e\" data-id=\"aa1185e\" data-element_type=\"column\" data-e-type=\"column\" data-settings=\"{&quot;background_background&quot;:&quot;classic&quot;}\">\n\t\t\t<div class=\"elementor-widget-wrap elementor-element-populated\">\n\t\t\t\t\t\t<div class=\"elementor-element elementor-element-cc0ace3 elementor-widget elementor-widget-image\" data-id=\"cc0ace3\" data-element_type=\"widget\" data-e-type=\"widget\" data-widget_type=\"image.default\">\n\t\t\t\t<div class=\"elementor-widget-container\">\n\t\t\t\t\t\t\t\t\t\t\t\t\t\t\t<img fetchpriority=\"high\" decoding=\"async\" width=\"600\" height=\"452\" src=\"https:\/\/panamacibersegura.gob.pa\/wp-content\/uploads\/2022\/04\/mision2.jpg\" class=\"attachment-large size-large wp-image-1684\" alt=\"\" srcset=\"https:\/\/panamacibersegura.gob.pa\/wp-content\/uploads\/2022\/04\/mision2.jpg 600w, https:\/\/panamacibersegura.gob.pa\/wp-content\/uploads\/2022\/04\/mision2-300x226.jpg 300w\" sizes=\"(max-width: 600px) 100vw, 600px\" \/>\t\t\t\t\t\t\t\t\t\t\t\t\t\t\t<\/div>\n\t\t\t\t<\/div>\n\t\t\t\t\t<\/div>\n\t\t<\/div>\n\t\t\t\t\t<\/div>\n\t\t<\/section>\n\t\t\t\t<div class=\"elementor-element elementor-element-bba20e5 content-text elementor-widget elementor-widget-text-editor\" data-id=\"bba20e5\" data-element_type=\"widget\" data-e-type=\"widget\" data-widget_type=\"text-editor.default\">\n\t\t\t\t<div class=\"elementor-widget-container\">\n\t\t\t\t\t\t\t\t\t<p>Promover el conocimiento en ciberseguridad de forma clara y sencilla a la comunidad paname\u00f1a, sensibilizando en t\u00e9rminos de\u00a0 ciberseguridad y elevando la cultura en ciberseguridad del cibernauta paname\u00f1o.<\/p>\t\t\t\t\t\t\t\t<\/div>\n\t\t\t\t<\/div>\n\t\t\t\t\t<\/div>\n\t\t<\/div>\n\t\t\t\t<div class=\"elementor-column elementor-col-33 elementor-top-column elementor-element elementor-element-c20a7f3\" data-id=\"c20a7f3\" data-element_type=\"column\" data-e-type=\"column\" data-settings=\"{&quot;background_background&quot;:&quot;classic&quot;}\">\n\t\t\t<div class=\"elementor-widget-wrap elementor-element-populated\">\n\t\t\t\t\t\t<section class=\"elementor-section elementor-inner-section elementor-element elementor-element-5f68276 elementor-section-boxed elementor-section-height-default elementor-section-height-default\" data-id=\"5f68276\" data-element_type=\"section\" data-e-type=\"section\">\n\t\t\t\t\t\t<div class=\"elementor-container elementor-column-gap-default\">\n\t\t\t\t\t<div class=\"elementor-column elementor-col-100 elementor-inner-column elementor-element elementor-element-0c75cf2\" data-id=\"0c75cf2\" data-element_type=\"column\" data-e-type=\"column\" data-settings=\"{&quot;background_background&quot;:&quot;classic&quot;}\">\n\t\t\t<div class=\"elementor-widget-wrap elementor-element-populated\">\n\t\t\t\t\t\t<div class=\"elementor-element elementor-element-71ada04 elementor-widget elementor-widget-image\" data-id=\"71ada04\" data-element_type=\"widget\" data-e-type=\"widget\" data-widget_type=\"image.default\">\n\t\t\t\t<div class=\"elementor-widget-container\">\n\t\t\t\t\t\t\t\t\t\t\t\t\t\t\t<img decoding=\"async\" width=\"600\" height=\"452\" src=\"https:\/\/panamacibersegura.gob.pa\/wp-content\/uploads\/2022\/04\/vision2.jpg\" class=\"attachment-large size-large wp-image-1686\" alt=\"\" srcset=\"https:\/\/panamacibersegura.gob.pa\/wp-content\/uploads\/2022\/04\/vision2.jpg 600w, https:\/\/panamacibersegura.gob.pa\/wp-content\/uploads\/2022\/04\/vision2-300x226.jpg 300w\" sizes=\"(max-width: 600px) 100vw, 600px\" \/>\t\t\t\t\t\t\t\t\t\t\t\t\t\t\t<\/div>\n\t\t\t\t<\/div>\n\t\t\t\t\t<\/div>\n\t\t<\/div>\n\t\t\t\t\t<\/div>\n\t\t<\/section>\n\t\t\t\t<div class=\"elementor-element elementor-element-7bd0b80 content-text elementor-widget elementor-widget-text-editor\" data-id=\"7bd0b80\" data-element_type=\"widget\" data-e-type=\"widget\" data-widget_type=\"text-editor.default\">\n\t\t\t\t<div class=\"elementor-widget-container\">\n\t\t\t\t\t\t\t\t\t<p>Elevar el nivel de conocimiento de la ciudadan\u00eda en todo lo relacionado en el mundo digital y la ciberseguridad.<\/p>\t\t\t\t\t\t\t\t<\/div>\n\t\t\t\t<\/div>\n\t\t\t\t\t<\/div>\n\t\t<\/div>\n\t\t\t\t<div class=\"elementor-column elementor-col-33 elementor-top-column elementor-element elementor-element-4f4b160\" data-id=\"4f4b160\" data-element_type=\"column\" data-e-type=\"column\" data-settings=\"{&quot;background_background&quot;:&quot;classic&quot;}\">\n\t\t\t<div class=\"elementor-widget-wrap elementor-element-populated\">\n\t\t\t\t\t\t<section class=\"elementor-section elementor-inner-section elementor-element elementor-element-1eb7a28 elementor-section-boxed elementor-section-height-default elementor-section-height-default\" data-id=\"1eb7a28\" data-element_type=\"section\" data-e-type=\"section\">\n\t\t\t\t\t\t<div class=\"elementor-container elementor-column-gap-default\">\n\t\t\t\t\t<div class=\"elementor-column elementor-col-100 elementor-inner-column elementor-element elementor-element-61e0e06\" data-id=\"61e0e06\" data-element_type=\"column\" data-e-type=\"column\" data-settings=\"{&quot;background_background&quot;:&quot;classic&quot;}\">\n\t\t\t<div class=\"elementor-widget-wrap elementor-element-populated\">\n\t\t\t\t\t\t<div class=\"elementor-element elementor-element-190d52c elementor-widget elementor-widget-image\" data-id=\"190d52c\" data-element_type=\"widget\" data-e-type=\"widget\" data-widget_type=\"image.default\">\n\t\t\t\t<div class=\"elementor-widget-container\">\n\t\t\t\t\t\t\t\t\t\t\t\t\t\t\t<img decoding=\"async\" width=\"600\" height=\"452\" src=\"https:\/\/panamacibersegura.gob.pa\/wp-content\/uploads\/2022\/04\/objetivo2.jpg\" class=\"attachment-large size-large wp-image-1685\" alt=\"\" srcset=\"https:\/\/panamacibersegura.gob.pa\/wp-content\/uploads\/2022\/04\/objetivo2.jpg 600w, https:\/\/panamacibersegura.gob.pa\/wp-content\/uploads\/2022\/04\/objetivo2-300x226.jpg 300w\" sizes=\"(max-width: 600px) 100vw, 600px\" \/>\t\t\t\t\t\t\t\t\t\t\t\t\t\t\t<\/div>\n\t\t\t\t<\/div>\n\t\t\t\t\t<\/div>\n\t\t<\/div>\n\t\t\t\t\t<\/div>\n\t\t<\/section>\n\t\t\t\t<div class=\"elementor-element elementor-element-7c24400 content-text elementor-widget elementor-widget-text-editor\" data-id=\"7c24400\" data-element_type=\"widget\" data-e-type=\"widget\" data-widget_type=\"text-editor.default\">\n\t\t\t\t<div class=\"elementor-widget-container\">\n\t\t\t\t\t\t\t\t\t<p>Fomentar una cultura nacional de ciberseguridad, entendiendo que la ciberseguridad es responsabilidad de todos.<\/p>\t\t\t\t\t\t\t\t<\/div>\n\t\t\t\t<\/div>\n\t\t\t\t\t<\/div>\n\t\t<\/div>\n\t\t\t\t\t<\/div>\n\t\t<\/section>\n\t\t\t\t<section class=\"elementor-section elementor-top-section elementor-element elementor-element-597dbfe elementor-section-boxed elementor-section-height-default elementor-section-height-default\" data-id=\"597dbfe\" data-element_type=\"section\" data-e-type=\"section\">\n\t\t\t\t\t\t<div class=\"elementor-container elementor-column-gap-default\">\n\t\t\t\t\t<div class=\"elementor-column elementor-col-100 elementor-top-column elementor-element elementor-element-aec4c5f\" data-id=\"aec4c5f\" data-element_type=\"column\" data-e-type=\"column\">\n\t\t\t<div class=\"elementor-widget-wrap elementor-element-populated\">\n\t\t\t\t\t\t<div class=\"elementor-element elementor-element-b1dd7f3 elementor-widget elementor-widget-spacer\" data-id=\"b1dd7f3\" data-element_type=\"widget\" data-e-type=\"widget\" data-widget_type=\"spacer.default\">\n\t\t\t\t<div class=\"elementor-widget-container\">\n\t\t\t\t\t\t\t<div class=\"elementor-spacer\">\n\t\t\t<div class=\"elementor-spacer-inner\"><\/div>\n\t\t<\/div>\n\t\t\t\t\t\t<\/div>\n\t\t\t\t<\/div>\n\t\t\t\t\t<\/div>\n\t\t<\/div>\n\t\t\t\t\t<\/div>\n\t\t<\/section>\n\t\t\t\t<section class=\"elementor-section elementor-top-section elementor-element elementor-element-1bbcfd3 elementor-section-boxed elementor-section-height-default elementor-section-height-default\" data-id=\"1bbcfd3\" data-element_type=\"section\" data-e-type=\"section\">\n\t\t\t\t\t\t<div class=\"elementor-container elementor-column-gap-default\">\n\t\t\t\t\t<div class=\"elementor-column elementor-col-25 elementor-top-column elementor-element elementor-element-d1d3209\" data-id=\"d1d3209\" data-element_type=\"column\" data-e-type=\"column\">\n\t\t\t<div class=\"elementor-widget-wrap elementor-element-populated\">\n\t\t\t\t\t\t<div class=\"elementor-element elementor-element-f2d3927 elementor-widget elementor-widget-heading\" data-id=\"f2d3927\" data-element_type=\"widget\" data-e-type=\"widget\" data-widget_type=\"heading.default\">\n\t\t\t\t<div class=\"elementor-widget-container\">\n\t\t\t\t\t<h2 class=\"elementor-heading-title elementor-size-default\"><h4 class=\"elementor-heading-title elementor-size-large elementor-inline-editing pen\" data-elementor-setting-key=\"title\" data-pen-placeholder=\"Teclea aqu\u00ed...\" style=\"font-family: var( --e-global-typography-primary-font-family ), Sans-serif;font-weight: var( --e-global-typography-primary-font-weight );text-align: center\">Patrocinadores:<\/h4><\/h2>\t\t\t\t<\/div>\n\t\t\t\t<\/div>\n\t\t\t\t\t<\/div>\n\t\t<\/div>\n\t\t\t\t<div class=\"elementor-column elementor-col-25 elementor-top-column elementor-element elementor-element-82f35b4\" data-id=\"82f35b4\" data-element_type=\"column\" data-e-type=\"column\">\n\t\t\t<div class=\"elementor-widget-wrap elementor-element-populated\">\n\t\t\t\t\t\t<div class=\"elementor-element elementor-element-6febc83 elementor-widget elementor-widget-image\" data-id=\"6febc83\" data-element_type=\"widget\" data-e-type=\"widget\" data-widget_type=\"image.default\">\n\t\t\t\t<div class=\"elementor-widget-container\">\n\t\t\t\t\t\t\t\t\t\t\t\t\t\t\t<img loading=\"lazy\" decoding=\"async\" width=\"300\" height=\"120\" src=\"https:\/\/panamacibersegura.gob.pa\/wp-content\/uploads\/2024\/08\/paso_firme-300x120.png\" class=\"attachment-medium size-medium wp-image-3778\" alt=\"\" srcset=\"https:\/\/panamacibersegura.gob.pa\/wp-content\/uploads\/2024\/08\/paso_firme-300x120.png 300w, https:\/\/panamacibersegura.gob.pa\/wp-content\/uploads\/2024\/08\/paso_firme-1024x411.png 1024w, https:\/\/panamacibersegura.gob.pa\/wp-content\/uploads\/2024\/08\/paso_firme-768x308.png 768w, https:\/\/panamacibersegura.gob.pa\/wp-content\/uploads\/2024\/08\/paso_firme.png 1367w\" sizes=\"(max-width: 300px) 100vw, 300px\" \/>\t\t\t\t\t\t\t\t\t\t\t\t\t\t\t<\/div>\n\t\t\t\t<\/div>\n\t\t\t\t\t<\/div>\n\t\t<\/div>\n\t\t\t\t<div class=\"elementor-column elementor-col-25 elementor-top-column elementor-element elementor-element-73eea73\" data-id=\"73eea73\" data-element_type=\"column\" data-e-type=\"column\">\n\t\t\t<div class=\"elementor-widget-wrap elementor-element-populated\">\n\t\t\t\t\t\t<div class=\"elementor-element elementor-element-9215091 elementor-widget elementor-widget-image\" data-id=\"9215091\" data-element_type=\"widget\" data-e-type=\"widget\" data-widget_type=\"image.default\">\n\t\t\t\t<div class=\"elementor-widget-container\">\n\t\t\t\t\t\t\t\t\t\t\t\t\t\t\t<img loading=\"lazy\" decoding=\"async\" width=\"300\" height=\"131\" src=\"https:\/\/panamacibersegura.gob.pa\/wp-content\/uploads\/2024\/08\/AIG-LOGO-GRIS-300x131.png\" class=\"attachment-medium size-medium wp-image-3782\" alt=\"\" srcset=\"https:\/\/panamacibersegura.gob.pa\/wp-content\/uploads\/2024\/08\/AIG-LOGO-GRIS-300x131.png 300w, https:\/\/panamacibersegura.gob.pa\/wp-content\/uploads\/2024\/08\/AIG-LOGO-GRIS-1024x446.png 1024w, https:\/\/panamacibersegura.gob.pa\/wp-content\/uploads\/2024\/08\/AIG-LOGO-GRIS-768x334.png 768w, https:\/\/panamacibersegura.gob.pa\/wp-content\/uploads\/2024\/08\/AIG-LOGO-GRIS-1536x669.png 1536w, https:\/\/panamacibersegura.gob.pa\/wp-content\/uploads\/2024\/08\/AIG-LOGO-GRIS.png 1601w\" sizes=\"(max-width: 300px) 100vw, 300px\" \/>\t\t\t\t\t\t\t\t\t\t\t\t\t\t\t<\/div>\n\t\t\t\t<\/div>\n\t\t\t\t\t<\/div>\n\t\t<\/div>\n\t\t\t\t<div class=\"elementor-column elementor-col-25 elementor-top-column elementor-element elementor-element-73a5ab2\" data-id=\"73a5ab2\" data-element_type=\"column\" data-e-type=\"column\">\n\t\t\t<div class=\"elementor-widget-wrap elementor-element-populated\">\n\t\t\t\t\t\t<div class=\"elementor-element elementor-element-4075054 elementor-widget elementor-widget-image\" data-id=\"4075054\" data-element_type=\"widget\" data-e-type=\"widget\" data-widget_type=\"image.default\">\n\t\t\t\t<div class=\"elementor-widget-container\">\n\t\t\t\t\t\t\t\t\t\t\t\t\t\t\t<img loading=\"lazy\" decoding=\"async\" width=\"300\" height=\"128\" src=\"https:\/\/panamacibersegura.gob.pa\/wp-content\/uploads\/2022\/04\/csirt-04-300x128.png\" class=\"attachment-medium size-medium wp-image-1107\" alt=\"\" srcset=\"https:\/\/panamacibersegura.gob.pa\/wp-content\/uploads\/2022\/04\/csirt-04-300x128.png 300w, https:\/\/panamacibersegura.gob.pa\/wp-content\/uploads\/2022\/04\/csirt-04-1024x438.png 1024w, https:\/\/panamacibersegura.gob.pa\/wp-content\/uploads\/2022\/04\/csirt-04-768x329.png 768w, https:\/\/panamacibersegura.gob.pa\/wp-content\/uploads\/2022\/04\/csirt-04-1536x657.png 1536w, https:\/\/panamacibersegura.gob.pa\/wp-content\/uploads\/2022\/04\/csirt-04-2048x876.png 2048w\" sizes=\"(max-width: 300px) 100vw, 300px\" \/>\t\t\t\t\t\t\t\t\t\t\t\t\t\t\t<\/div>\n\t\t\t\t<\/div>\n\t\t\t\t\t<\/div>\n\t\t<\/div>\n\t\t\t\t\t<\/div>\n\t\t<\/section>\n\t\t\t\t<\/div>\n\t\t","protected":false},"excerpt":{"rendered":"<p>La Campa\u00f1a Nacional de Ciberseguridad, &#8220;Panam\u00e1 Cibersegura&#8221;, es una iniciativa nacional enfocada en concienciaci\u00f3n y educaci\u00f3n en temas de ciberseguridad para el ciudadano paname\u00f1o. Con el objetivo de brindar la informaci\u00f3n primordial en relaci\u00f3n al cuidado de su identidad digital, compartiendo conocimientos de ciberseguridad, reforzando los conceptos importantes en el ciberespacio que le permitir\u00e1n al [&hellip;]<\/p>\n","protected":false},"author":1,"featured_media":0,"parent":0,"menu_order":0,"comment_status":"closed","ping_status":"closed","template":"","meta":{"_monsterinsights_skip_tracking":false,"_monsterinsights_sitenote_active":false,"_monsterinsights_sitenote_note":"","_monsterinsights_sitenote_category":0,"footnotes":""},"class_list":["post-1678","page","type-page","status-publish","hentry"],"_links":{"self":[{"href":"https:\/\/panamacibersegura.gob.pa\/index.php\/wp-json\/wp\/v2\/pages\/1678","targetHints":{"allow":["GET"]}}],"collection":[{"href":"https:\/\/panamacibersegura.gob.pa\/index.php\/wp-json\/wp\/v2\/pages"}],"about":[{"href":"https:\/\/panamacibersegura.gob.pa\/index.php\/wp-json\/wp\/v2\/types\/page"}],"author":[{"embeddable":true,"href":"https:\/\/panamacibersegura.gob.pa\/index.php\/wp-json\/wp\/v2\/users\/1"}],"replies":[{"embeddable":true,"href":"https:\/\/panamacibersegura.gob.pa\/index.php\/wp-json\/wp\/v2\/comments?post=1678"}],"version-history":[{"count":111,"href":"https:\/\/panamacibersegura.gob.pa\/index.php\/wp-json\/wp\/v2\/pages\/1678\/revisions"}],"predecessor-version":[{"id":3788,"href":"https:\/\/panamacibersegura.gob.pa\/index.php\/wp-json\/wp\/v2\/pages\/1678\/revisions\/3788"}],"wp:attachment":[{"href":"https:\/\/panamacibersegura.gob.pa\/index.php\/wp-json\/wp\/v2\/media?parent=1678"}],"curies":[{"name":"wp","href":"https:\/\/api.w.org\/{rel}","templated":true}]}}