{"id":4767,"date":"2025-09-04T16:43:57","date_gmt":"2025-09-04T16:43:57","guid":{"rendered":"https:\/\/panamacibersegura.gob.pa\/?page_id=4767"},"modified":"2025-09-04T16:47:07","modified_gmt":"2025-09-04T16:47:07","slug":"instituto-justo-arosemena-ija","status":"publish","type":"page","link":"https:\/\/panamacibersegura.gob.pa\/index.php\/instituto-justo-arosemena-ija\/","title":{"rendered":"Instituto Justo Arosemena (IJA)"},"content":{"rendered":"\t\t<div data-elementor-type=\"wp-page\" data-elementor-id=\"4767\" class=\"elementor elementor-4767\" data-elementor-post-type=\"page\">\n\t\t\t\t\t\t<section class=\"elementor-section elementor-top-section elementor-element elementor-element-afadb67 elementor-section-boxed elementor-section-height-default elementor-section-height-default\" data-id=\"afadb67\" data-element_type=\"section\" data-e-type=\"section\">\n\t\t\t\t\t\t<div class=\"elementor-container elementor-column-gap-default\">\n\t\t\t\t\t<div class=\"elementor-column elementor-col-100 elementor-top-column elementor-element elementor-element-292e3d0\" data-id=\"292e3d0\" data-element_type=\"column\" data-e-type=\"column\">\n\t\t\t<div class=\"elementor-widget-wrap elementor-element-populated\">\n\t\t\t\t\t\t<div class=\"elementor-element elementor-element-24fcb6a elementor-widget elementor-widget-image\" data-id=\"24fcb6a\" data-element_type=\"widget\" data-e-type=\"widget\" data-widget_type=\"image.default\">\n\t\t\t\t<div class=\"elementor-widget-container\">\n\t\t\t\t\t\t\t\t\t\t\t\t\t\t\t<img fetchpriority=\"high\" decoding=\"async\" width=\"1024\" height=\"500\" src=\"https:\/\/panamacibersegura.gob.pa\/wp-content\/uploads\/2025\/09\/Panama_Cibersegura_ija-1024x500.png\" class=\"attachment-large size-large wp-image-4769\" alt=\"\" srcset=\"https:\/\/panamacibersegura.gob.pa\/wp-content\/uploads\/2025\/09\/Panama_Cibersegura_ija-1024x500.png 1024w, https:\/\/panamacibersegura.gob.pa\/wp-content\/uploads\/2025\/09\/Panama_Cibersegura_ija-300x146.png 300w, https:\/\/panamacibersegura.gob.pa\/wp-content\/uploads\/2025\/09\/Panama_Cibersegura_ija-768x375.png 768w, https:\/\/panamacibersegura.gob.pa\/wp-content\/uploads\/2025\/09\/Panama_Cibersegura_ija.png 1280w\" sizes=\"(max-width: 1024px) 100vw, 1024px\" \/>\t\t\t\t\t\t\t\t\t\t\t\t\t\t\t<\/div>\n\t\t\t\t<\/div>\n\t\t\t\t\t<\/div>\n\t\t<\/div>\n\t\t\t\t\t<\/div>\n\t\t<\/section>\n\t\t\t\t<section class=\"elementor-section elementor-top-section elementor-element elementor-element-22d50be elementor-section-boxed elementor-section-height-default elementor-section-height-default\" data-id=\"22d50be\" data-element_type=\"section\" data-e-type=\"section\">\n\t\t\t\t\t\t<div class=\"elementor-container elementor-column-gap-default\">\n\t\t\t\t\t<div class=\"elementor-column elementor-col-100 elementor-top-column elementor-element elementor-element-675cd23\" data-id=\"675cd23\" data-element_type=\"column\" data-e-type=\"column\">\n\t\t\t<div class=\"elementor-widget-wrap elementor-element-populated\">\n\t\t\t\t\t\t<div class=\"elementor-element elementor-element-ee2b915 elementor-widget elementor-widget-spacer\" data-id=\"ee2b915\" data-element_type=\"widget\" data-e-type=\"widget\" data-widget_type=\"spacer.default\">\n\t\t\t\t<div class=\"elementor-widget-container\">\n\t\t\t\t\t\t\t<div class=\"elementor-spacer\">\n\t\t\t<div class=\"elementor-spacer-inner\"><\/div>\n\t\t<\/div>\n\t\t\t\t\t\t<\/div>\n\t\t\t\t<\/div>\n\t\t\t\t\t<\/div>\n\t\t<\/div>\n\t\t\t\t\t<\/div>\n\t\t<\/section>\n\t\t\t\t<section class=\"elementor-section elementor-top-section elementor-element elementor-element-570df7d elementor-section-boxed elementor-section-height-default elementor-section-height-default\" data-id=\"570df7d\" data-element_type=\"section\" data-e-type=\"section\">\n\t\t\t\t\t\t<div class=\"elementor-container elementor-column-gap-default\">\n\t\t\t\t\t<div class=\"elementor-column elementor-col-100 elementor-top-column elementor-element elementor-element-71247be\" data-id=\"71247be\" data-element_type=\"column\" data-e-type=\"column\">\n\t\t\t<div class=\"elementor-widget-wrap elementor-element-populated\">\n\t\t\t\t\t\t<div class=\"elementor-element elementor-element-b0f3300 elementor-widget elementor-widget-heading\" data-id=\"b0f3300\" data-element_type=\"widget\" data-e-type=\"widget\" data-widget_type=\"heading.default\">\n\t\t\t\t<div class=\"elementor-widget-container\">\n\t\t\t\t\t<h3 class=\"elementor-heading-title elementor-size-default\">Noticias<\/h3>\t\t\t\t<\/div>\n\t\t\t\t<\/div>\n\t\t\t\t\t<\/div>\n\t\t<\/div>\n\t\t\t\t\t<\/div>\n\t\t<\/section>\n\t\t\t\t<section class=\"elementor-section elementor-top-section elementor-element elementor-element-1db99cd elementor-section-boxed elementor-section-height-default elementor-section-height-default\" data-id=\"1db99cd\" data-element_type=\"section\" data-e-type=\"section\">\n\t\t\t\t\t\t<div class=\"elementor-container elementor-column-gap-default\">\n\t\t\t\t\t<div class=\"elementor-column elementor-col-100 elementor-top-column elementor-element elementor-element-c2a7a01\" data-id=\"c2a7a01\" data-element_type=\"column\" data-e-type=\"column\">\n\t\t\t<div class=\"elementor-widget-wrap elementor-element-populated\">\n\t\t\t\t\t\t<div class=\"elementor-element elementor-element-8b0477b elementor-widget elementor-widget-spacer\" data-id=\"8b0477b\" data-element_type=\"widget\" data-e-type=\"widget\" data-widget_type=\"spacer.default\">\n\t\t\t\t<div class=\"elementor-widget-container\">\n\t\t\t\t\t\t\t<div class=\"elementor-spacer\">\n\t\t\t<div class=\"elementor-spacer-inner\"><\/div>\n\t\t<\/div>\n\t\t\t\t\t\t<\/div>\n\t\t\t\t<\/div>\n\t\t\t\t\t<\/div>\n\t\t<\/div>\n\t\t\t\t\t<\/div>\n\t\t<\/section>\n\t\t\t\t<section class=\"elementor-section elementor-top-section elementor-element elementor-element-8ae24b6 elementor-section-boxed elementor-section-height-default elementor-section-height-default\" data-id=\"8ae24b6\" data-element_type=\"section\" data-e-type=\"section\">\n\t\t\t\t\t\t<div class=\"elementor-container elementor-column-gap-default\">\n\t\t\t\t\t<div class=\"elementor-column elementor-col-100 elementor-top-column elementor-element elementor-element-4db4522\" data-id=\"4db4522\" data-element_type=\"column\" data-e-type=\"column\">\n\t\t\t<div class=\"elementor-widget-wrap elementor-element-populated\">\n\t\t\t\t\t\t<div class=\"elementor-element elementor-element-d34c3cd elementor-grid-3 elementor-grid-tablet-2 elementor-grid-mobile-1 elementor-posts--thumbnail-top elementor-posts--show-avatar elementor-card-shadow-yes elementor-posts__hover-gradient elementor-widget elementor-widget-posts\" data-id=\"d34c3cd\" data-element_type=\"widget\" data-e-type=\"widget\" data-settings=\"{&quot;cards_columns&quot;:&quot;3&quot;,&quot;cards_columns_tablet&quot;:&quot;2&quot;,&quot;cards_columns_mobile&quot;:&quot;1&quot;,&quot;cards_row_gap&quot;:{&quot;unit&quot;:&quot;px&quot;,&quot;size&quot;:35,&quot;sizes&quot;:[]},&quot;cards_row_gap_tablet&quot;:{&quot;unit&quot;:&quot;px&quot;,&quot;size&quot;:&quot;&quot;,&quot;sizes&quot;:[]},&quot;cards_row_gap_mobile&quot;:{&quot;unit&quot;:&quot;px&quot;,&quot;size&quot;:&quot;&quot;,&quot;sizes&quot;:[]}}\" data-widget_type=\"posts.cards\">\n\t\t\t\t<div class=\"elementor-widget-container\">\n\t\t\t\t\t\t\t<div class=\"elementor-posts-container elementor-posts elementor-posts--skin-cards elementor-grid\" role=\"list\">\n\t\t\t\t<article class=\"elementor-post elementor-grid-item post-4660 post type-post status-publish format-standard has-post-thumbnail hentry category-adolescentes tag-ciberseguridad tag-clubdecibersegruidad tag-colon tag-ija tag-panamacibersegura\" role=\"listitem\">\n\t\t\t<div class=\"elementor-post__card\">\n\t\t\t\t<a class=\"elementor-post__thumbnail__link\" href=\"https:\/\/panamacibersegura.gob.pa\/index.php\/2025\/08\/08\/segundo-aniversario-de-la-campana-panama-cibersegura\/\" tabindex=\"-1\" ><div class=\"elementor-post__thumbnail\"><img decoding=\"async\" width=\"300\" height=\"179\" src=\"https:\/\/panamacibersegura.gob.pa\/wp-content\/uploads\/2025\/08\/057A0833-300x179.jpg\" class=\"attachment-medium size-medium wp-image-4661\" alt=\"\" srcset=\"https:\/\/panamacibersegura.gob.pa\/wp-content\/uploads\/2025\/08\/057A0833-300x179.jpg 300w, https:\/\/panamacibersegura.gob.pa\/wp-content\/uploads\/2025\/08\/057A0833-768x459.jpg 768w, https:\/\/panamacibersegura.gob.pa\/wp-content\/uploads\/2025\/08\/057A0833.jpg 903w\" sizes=\"(max-width: 300px) 100vw, 300px\" \/><\/div><\/a>\n\t\t\t\t<div class=\"elementor-post__badge\">Adolescentes<\/div>\n\t\t\t\t<div class=\"elementor-post__avatar\">\n\t\t\t<img alt='Panam\u00e1 Cibersegura' src='https:\/\/secure.gravatar.com\/avatar\/c7b13be26c75e86121061e21b03031a8a0c36b0b6195063bca8bd138975fde15?s=128&#038;d=mm&#038;r=g' srcset='https:\/\/secure.gravatar.com\/avatar\/c7b13be26c75e86121061e21b03031a8a0c36b0b6195063bca8bd138975fde15?s=256&#038;d=mm&#038;r=g 2x' class='avatar avatar-128 photo' height='128' width='128' \/>\t\t<\/div>\n\t\t\t\t<div class=\"elementor-post__text\">\n\t\t\t\t<h3 class=\"elementor-post__title\">\n\t\t\t<a href=\"https:\/\/panamacibersegura.gob.pa\/index.php\/2025\/08\/08\/segundo-aniversario-de-la-campana-panama-cibersegura\/\" >\n\t\t\t\tSegundo aniversario de la Campa\u00f1a \u201cPanam\u00e1 Cibersegura\u201d\t\t\t<\/a>\n\t\t<\/h3>\n\t\t\t\t<div class=\"elementor-post__excerpt\">\n\t\t\t<p>Con el firme prop\u00f3sito de blindar el pa\u00eds frente a las amenazas digitales, la Autoridad Nacional para la Innovaci\u00f3n Gubernamental (AIG) lanz\u00f3 el convenio de cooperaci\u00f3n \u201cPanam\u00e1 Cibersegura\u201d,\u00a0 una ambiciosa iniciativa que une por primera vez a sectores clave como la academia y la sociedad civil en la\u00a0 construcci\u00f3n de una cultura nacional de ciberseguridad. El acuerdo, firmado por representantes<\/p>\n\t\t<\/div>\n\t\t\n\t\t<a class=\"elementor-post__read-more\" href=\"https:\/\/panamacibersegura.gob.pa\/index.php\/2025\/08\/08\/segundo-aniversario-de-la-campana-panama-cibersegura\/\" aria-label=\"Read more about Segundo aniversario de la Campa\u00f1a \u201cPanam\u00e1 Cibersegura\u201d\" tabindex=\"-1\" >\n\t\t\tRead More \u00bb\t\t<\/a>\n\n\t\t\t\t<\/div>\n\t\t\t\t<div class=\"elementor-post__meta-data\">\n\t\t\t\t\t<span class=\"elementor-post-date\">\n\t\t\t8 agosto, 2025\t\t<\/span>\n\t\t\t\t<span class=\"elementor-post-avatar\">\n\t\t\tNo hay comentarios\t\t<\/span>\n\t\t\t\t<\/div>\n\t\t\t\t\t<\/div>\n\t\t<\/article>\n\t\t\t\t<article class=\"elementor-post elementor-grid-item post-3845 post type-post status-publish format-standard has-post-thumbnail hentry category-adolescentes tag-ciberseguridad tag-ija tag-panamacibersegura\" role=\"listitem\">\n\t\t\t<div class=\"elementor-post__card\">\n\t\t\t\t<a class=\"elementor-post__thumbnail__link\" href=\"https:\/\/panamacibersegura.gob.pa\/index.php\/2024\/08\/19\/primer-club-de-ciberseguridad-en-el-instituto-justo-arosemena-ija\/\" tabindex=\"-1\" ><div class=\"elementor-post__thumbnail\"><img decoding=\"async\" width=\"300\" height=\"169\" src=\"https:\/\/panamacibersegura.gob.pa\/wp-content\/uploads\/2024\/08\/WhatsApp-Image-2024-08-14-at-13.16.32-300x169.jpeg\" class=\"attachment-medium size-medium wp-image-3886\" alt=\"\" srcset=\"https:\/\/panamacibersegura.gob.pa\/wp-content\/uploads\/2024\/08\/WhatsApp-Image-2024-08-14-at-13.16.32-300x169.jpeg 300w, https:\/\/panamacibersegura.gob.pa\/wp-content\/uploads\/2024\/08\/WhatsApp-Image-2024-08-14-at-13.16.32-1024x576.jpeg 1024w, https:\/\/panamacibersegura.gob.pa\/wp-content\/uploads\/2024\/08\/WhatsApp-Image-2024-08-14-at-13.16.32-768x432.jpeg 768w, https:\/\/panamacibersegura.gob.pa\/wp-content\/uploads\/2024\/08\/WhatsApp-Image-2024-08-14-at-13.16.32-1536x864.jpeg 1536w, https:\/\/panamacibersegura.gob.pa\/wp-content\/uploads\/2024\/08\/WhatsApp-Image-2024-08-14-at-13.16.32.jpeg 1600w\" sizes=\"(max-width: 300px) 100vw, 300px\" \/><\/div><\/a>\n\t\t\t\t<div class=\"elementor-post__badge\">Adolescentes<\/div>\n\t\t\t\t<div class=\"elementor-post__avatar\">\n\t\t\t<img alt='Panam\u00e1 Cibersegura' src='https:\/\/secure.gravatar.com\/avatar\/c7b13be26c75e86121061e21b03031a8a0c36b0b6195063bca8bd138975fde15?s=128&#038;d=mm&#038;r=g' srcset='https:\/\/secure.gravatar.com\/avatar\/c7b13be26c75e86121061e21b03031a8a0c36b0b6195063bca8bd138975fde15?s=256&#038;d=mm&#038;r=g 2x' class='avatar avatar-128 photo' height='128' width='128' \/>\t\t<\/div>\n\t\t\t\t<div class=\"elementor-post__text\">\n\t\t\t\t<h3 class=\"elementor-post__title\">\n\t\t\t<a href=\"https:\/\/panamacibersegura.gob.pa\/index.php\/2024\/08\/19\/primer-club-de-ciberseguridad-en-el-instituto-justo-arosemena-ija\/\" >\n\t\t\t\tPrimer Club de Ciberseguridad en el Instituto Justo Arosemena (IJA)\t\t\t<\/a>\n\t\t<\/h3>\n\t\t\t\t<div class=\"elementor-post__excerpt\">\n\t\t\t<p>Lanzamiento del Club de Ciberseguridad en el Instituto Justo Arosemena (IJA), se convierte en la primera escuela particular de nuestro pa\u00eds en crear su equipo de embajadores en ciberseguridad.\u00a0 El programa nacional Panam\u00e1 Cibersegura dedicado a la ense\u00f1anza y concientizaci\u00f3n en materia de ciberseguridad, ha dado un paso significativo en su misi\u00f3n de fortalecer la seguridad digital en el pa\u00eds.<\/p>\n\t\t<\/div>\n\t\t\n\t\t<a class=\"elementor-post__read-more\" href=\"https:\/\/panamacibersegura.gob.pa\/index.php\/2024\/08\/19\/primer-club-de-ciberseguridad-en-el-instituto-justo-arosemena-ija\/\" aria-label=\"Read more about Primer Club de Ciberseguridad en el Instituto Justo Arosemena (IJA)\" tabindex=\"-1\" >\n\t\t\tRead More \u00bb\t\t<\/a>\n\n\t\t\t\t<\/div>\n\t\t\t\t<div class=\"elementor-post__meta-data\">\n\t\t\t\t\t<span class=\"elementor-post-date\">\n\t\t\t19 agosto, 2024\t\t<\/span>\n\t\t\t\t<span class=\"elementor-post-avatar\">\n\t\t\tNo hay comentarios\t\t<\/span>\n\t\t\t\t<\/div>\n\t\t\t\t\t<\/div>\n\t\t<\/article>\n\t\t\t\t<\/div>\n\t\t\n\t\t\t\t\t\t<\/div>\n\t\t\t\t<\/div>\n\t\t\t\t\t<\/div>\n\t\t<\/div>\n\t\t\t\t\t<\/div>\n\t\t<\/section>\n\t\t\t\t<\/div>\n\t\t","protected":false},"excerpt":{"rendered":"<p>Noticias<\/p>\n","protected":false},"author":2,"featured_media":0,"parent":0,"menu_order":0,"comment_status":"closed","ping_status":"closed","template":"","meta":{"_monsterinsights_skip_tracking":false,"_monsterinsights_sitenote_active":false,"_monsterinsights_sitenote_note":"","_monsterinsights_sitenote_category":0,"footnotes":""},"class_list":["post-4767","page","type-page","status-publish","hentry"],"_links":{"self":[{"href":"https:\/\/panamacibersegura.gob.pa\/index.php\/wp-json\/wp\/v2\/pages\/4767","targetHints":{"allow":["GET"]}}],"collection":[{"href":"https:\/\/panamacibersegura.gob.pa\/index.php\/wp-json\/wp\/v2\/pages"}],"about":[{"href":"https:\/\/panamacibersegura.gob.pa\/index.php\/wp-json\/wp\/v2\/types\/page"}],"author":[{"embeddable":true,"href":"https:\/\/panamacibersegura.gob.pa\/index.php\/wp-json\/wp\/v2\/users\/2"}],"replies":[{"embeddable":true,"href":"https:\/\/panamacibersegura.gob.pa\/index.php\/wp-json\/wp\/v2\/comments?post=4767"}],"version-history":[{"count":4,"href":"https:\/\/panamacibersegura.gob.pa\/index.php\/wp-json\/wp\/v2\/pages\/4767\/revisions"}],"predecessor-version":[{"id":4772,"href":"https:\/\/panamacibersegura.gob.pa\/index.php\/wp-json\/wp\/v2\/pages\/4767\/revisions\/4772"}],"wp:attachment":[{"href":"https:\/\/panamacibersegura.gob.pa\/index.php\/wp-json\/wp\/v2\/media?parent=4767"}],"curies":[{"name":"wp","href":"https:\/\/api.w.org\/{rel}","templated":true}]}}