{"id":4864,"date":"2026-03-20T20:01:27","date_gmt":"2026-03-20T20:01:27","guid":{"rendered":"https:\/\/panamacibersegura.gob.pa\/?page_id=4864"},"modified":"2026-03-20T20:23:35","modified_gmt":"2026-03-20T20:23:35","slug":"twitch","status":"publish","type":"page","link":"https:\/\/panamacibersegura.gob.pa\/index.php\/twitch\/","title":{"rendered":"\u00a0Twitch"},"content":{"rendered":"\t\t<div data-elementor-type=\"wp-page\" data-elementor-id=\"4864\" class=\"elementor elementor-4864\" data-elementor-post-type=\"page\">\n\t\t\t\t\t\t<section class=\"elementor-section elementor-top-section elementor-element elementor-element-5307fef2 elementor-section-boxed elementor-section-height-default elementor-section-height-default\" data-id=\"5307fef2\" data-element_type=\"section\" data-e-type=\"section\">\n\t\t\t\t\t\t<div class=\"elementor-container elementor-column-gap-default\">\n\t\t\t\t\t<div class=\"elementor-column elementor-col-100 elementor-top-column elementor-element elementor-element-584801f2\" data-id=\"584801f2\" data-element_type=\"column\" data-e-type=\"column\">\n\t\t\t<div class=\"elementor-widget-wrap elementor-element-populated\">\n\t\t\t\t\t\t<div class=\"elementor-element elementor-element-17977905 elementor-widget elementor-widget-text-editor\" data-id=\"17977905\" data-element_type=\"widget\" data-e-type=\"widget\" data-widget_type=\"text-editor.default\">\n\t\t\t\t<div class=\"elementor-widget-container\">\n\t\t\t\t\t\t\t\t\t<p><\/p>\n<p><strong>\u00bfQu\u00e9 es Twitch?<\/strong><\/p>\n<p><\/p>\n<p><\/p>\n<p>Twitch es una plataforma de transmisiones en vivo (streaming) enfocada principalmente en videojuegos, pero tambi\u00e9n incluye contenido como m\u00fasica, arte, deportes electr\u00f3nicos (eSports), charlas y estilo de vida.<\/p>\n<p><\/p>\n<p><\/p>\n<p>Fue creada en <strong>2011<\/strong> como una divisi\u00f3n especializada de Justin.tv. En <strong>2014<\/strong>, fue adquirida por Amazon.<\/p>\n<p><\/p>\n<p><\/p>\n<p>Twitch permite que los creadores transmitan en tiempo real mientras interact\u00faan con su audiencia a trav\u00e9s de un chat en vivo, suscripciones, donaciones y extensiones interactivas.<\/p>\n<p><\/p>\n<p><!-- \/wp:list --><\/p>\t\t\t\t\t\t\t\t<\/div>\n\t\t\t\t<\/div>\n\t\t\t\t\t<\/div>\n\t\t<\/div>\n\t\t\t\t\t<\/div>\n\t\t<\/section>\n\t\t\t\t<section class=\"elementor-section elementor-top-section elementor-element elementor-element-ea54ce2 elementor-section-boxed elementor-section-height-default elementor-section-height-default\" data-id=\"ea54ce2\" data-element_type=\"section\" data-e-type=\"section\">\n\t\t\t\t\t\t<div class=\"elementor-container elementor-column-gap-default\">\n\t\t\t\t\t<div class=\"elementor-column elementor-col-100 elementor-top-column elementor-element elementor-element-84354c3\" data-id=\"84354c3\" data-element_type=\"column\" data-e-type=\"column\">\n\t\t\t<div class=\"elementor-widget-wrap elementor-element-populated\">\n\t\t\t\t\t\t<div class=\"elementor-element elementor-element-dce6866 elementor-widget elementor-widget-spacer\" data-id=\"dce6866\" data-element_type=\"widget\" data-e-type=\"widget\" data-widget_type=\"spacer.default\">\n\t\t\t\t<div class=\"elementor-widget-container\">\n\t\t\t\t\t\t\t<div class=\"elementor-spacer\">\n\t\t\t<div class=\"elementor-spacer-inner\"><\/div>\n\t\t<\/div>\n\t\t\t\t\t\t<\/div>\n\t\t\t\t<\/div>\n\t\t\t\t\t<\/div>\n\t\t<\/div>\n\t\t\t\t\t<\/div>\n\t\t<\/section>\n\t\t\t\t<section class=\"elementor-section elementor-top-section elementor-element elementor-element-61358a0 elementor-section-boxed elementor-section-height-default elementor-section-height-default\" data-id=\"61358a0\" data-element_type=\"section\" data-e-type=\"section\">\n\t\t\t\t\t\t<div class=\"elementor-container elementor-column-gap-default\">\n\t\t\t\t\t<div class=\"elementor-column elementor-col-100 elementor-top-column elementor-element elementor-element-9ef00bc\" data-id=\"9ef00bc\" data-element_type=\"column\" data-e-type=\"column\">\n\t\t\t<div class=\"elementor-widget-wrap elementor-element-populated\">\n\t\t\t\t\t\t<section class=\"elementor-section elementor-inner-section elementor-element elementor-element-9527d4e elementor-section-boxed elementor-section-height-default elementor-section-height-default\" data-id=\"9527d4e\" data-element_type=\"section\" data-e-type=\"section\">\n\t\t\t\t\t\t<div class=\"elementor-container elementor-column-gap-default\">\n\t\t\t\t\t<div class=\"elementor-column elementor-col-50 elementor-inner-column elementor-element elementor-element-1379f76\" data-id=\"1379f76\" data-element_type=\"column\" data-e-type=\"column\">\n\t\t\t<div class=\"elementor-widget-wrap elementor-element-populated\">\n\t\t\t\t\t\t<div class=\"elementor-element elementor-element-3cf2ff0 elementor-widget elementor-widget-text-editor\" data-id=\"3cf2ff0\" data-element_type=\"widget\" data-e-type=\"widget\" data-widget_type=\"text-editor.default\">\n\t\t\t\t<div class=\"elementor-widget-container\">\n\t\t\t\t\t\t\t\t\t<p><b>\u00bfDe qu\u00e9 debes cuidarte en Twitch?<\/b><\/p>\n<p><b>\u00a0<\/b><\/p>\t\t\t\t\t\t\t\t<\/div>\n\t\t\t\t<\/div>\n\t\t\t\t\t<\/div>\n\t\t<\/div>\n\t\t\t\t<div class=\"elementor-column elementor-col-50 elementor-inner-column elementor-element elementor-element-ed5fe7b\" data-id=\"ed5fe7b\" data-element_type=\"column\" data-e-type=\"column\">\n\t\t\t<div class=\"elementor-widget-wrap elementor-element-populated\">\n\t\t\t\t\t\t<div class=\"elementor-element elementor-element-b5d8063 elementor-widget elementor-widget-text-editor\" data-id=\"b5d8063\" data-element_type=\"widget\" data-e-type=\"widget\" data-widget_type=\"text-editor.default\">\n\t\t\t\t<div class=\"elementor-widget-container\">\n\t\t\t\t\t\t\t\t\t<p><strong>Exposici\u00f3n involuntaria de informaci\u00f3n personal<\/strong><\/p>\n<ol>\n<li>Mostrar documentos o datos personales en pantalla.<\/li>\n<li>Dejar visible tu nombre real en notificaciones.<\/li>\n<li>Mostrar ubicaci\u00f3n o referencias geogr\u00e1ficas.<\/li>\n<li>Compartir rutinas diarias o informaci\u00f3n familiar.<\/li>\n<\/ol>\t\t\t\t\t\t\t\t<\/div>\n\t\t\t\t<\/div>\n\t\t\t\t\t<\/div>\n\t\t<\/div>\n\t\t\t\t\t<\/div>\n\t\t<\/section>\n\t\t\t\t<section class=\"elementor-section elementor-inner-section elementor-element elementor-element-f1bd0f1 elementor-section-boxed elementor-section-height-default elementor-section-height-default\" data-id=\"f1bd0f1\" data-element_type=\"section\" data-e-type=\"section\">\n\t\t\t\t\t\t<div class=\"elementor-container elementor-column-gap-default\">\n\t\t\t\t\t<div class=\"elementor-column elementor-col-50 elementor-inner-column elementor-element elementor-element-bf4119f\" data-id=\"bf4119f\" data-element_type=\"column\" data-e-type=\"column\">\n\t\t\t<div class=\"elementor-widget-wrap elementor-element-populated\">\n\t\t\t\t\t\t\t<\/div>\n\t\t<\/div>\n\t\t\t\t<div class=\"elementor-column elementor-col-50 elementor-inner-column elementor-element elementor-element-8246c17\" data-id=\"8246c17\" data-element_type=\"column\" data-e-type=\"column\">\n\t\t\t<div class=\"elementor-widget-wrap elementor-element-populated\">\n\t\t\t\t\t\t<div class=\"elementor-element elementor-element-89b1c1e elementor-widget elementor-widget-text-editor\" data-id=\"89b1c1e\" data-element_type=\"widget\" data-e-type=\"widget\" data-widget_type=\"text-editor.default\">\n\t\t\t\t<div class=\"elementor-widget-container\">\n\t\t\t\t\t\t\t\t\t<p><strong>Doxxing<\/strong><\/p>\n<p>Usuarios pueden investigar y divulgar tu informaci\u00f3n privada sin permiso.<\/p>\t\t\t\t\t\t\t\t<\/div>\n\t\t\t\t<\/div>\n\t\t\t\t\t<\/div>\n\t\t<\/div>\n\t\t\t\t\t<\/div>\n\t\t<\/section>\n\t\t\t\t<section class=\"elementor-section elementor-inner-section elementor-element elementor-element-571b3cb elementor-section-boxed elementor-section-height-default elementor-section-height-default\" data-id=\"571b3cb\" data-element_type=\"section\" data-e-type=\"section\">\n\t\t\t\t\t\t<div class=\"elementor-container elementor-column-gap-default\">\n\t\t\t\t\t<div class=\"elementor-column elementor-col-50 elementor-inner-column elementor-element elementor-element-135049d\" data-id=\"135049d\" data-element_type=\"column\" data-e-type=\"column\">\n\t\t\t<div class=\"elementor-widget-wrap elementor-element-populated\">\n\t\t\t\t\t\t\t<\/div>\n\t\t<\/div>\n\t\t\t\t<div class=\"elementor-column elementor-col-50 elementor-inner-column elementor-element elementor-element-2d62690\" data-id=\"2d62690\" data-element_type=\"column\" data-e-type=\"column\">\n\t\t\t<div class=\"elementor-widget-wrap elementor-element-populated\">\n\t\t\t\t\t\t<div class=\"elementor-element elementor-element-ab44ec8 elementor-widget elementor-widget-text-editor\" data-id=\"ab44ec8\" data-element_type=\"widget\" data-e-type=\"widget\" data-widget_type=\"text-editor.default\">\n\t\t\t\t<div class=\"elementor-widget-container\">\n\t\t\t\t\t\t\t\t\t<p><strong>Swatting<\/strong><\/p>\n<p>En casos extremos, transmisores pueden ser v\u00edctimas de falsas denuncias a servicios de emergencia.<\/p>\t\t\t\t\t\t\t\t<\/div>\n\t\t\t\t<\/div>\n\t\t\t\t\t<\/div>\n\t\t<\/div>\n\t\t\t\t\t<\/div>\n\t\t<\/section>\n\t\t\t\t<section class=\"elementor-section elementor-inner-section elementor-element elementor-element-6e82add elementor-section-boxed elementor-section-height-default elementor-section-height-default\" data-id=\"6e82add\" data-element_type=\"section\" data-e-type=\"section\">\n\t\t\t\t\t\t<div class=\"elementor-container elementor-column-gap-default\">\n\t\t\t\t\t<div class=\"elementor-column elementor-col-50 elementor-inner-column elementor-element elementor-element-1c47589\" data-id=\"1c47589\" data-element_type=\"column\" data-e-type=\"column\">\n\t\t\t<div class=\"elementor-widget-wrap elementor-element-populated\">\n\t\t\t\t\t\t\t<\/div>\n\t\t<\/div>\n\t\t\t\t<div class=\"elementor-column elementor-col-50 elementor-inner-column elementor-element elementor-element-974b05d\" data-id=\"974b05d\" data-element_type=\"column\" data-e-type=\"column\">\n\t\t\t<div class=\"elementor-widget-wrap elementor-element-populated\">\n\t\t\t\t\t\t<div class=\"elementor-element elementor-element-385ac37 elementor-widget elementor-widget-text-editor\" data-id=\"385ac37\" data-element_type=\"widget\" data-e-type=\"widget\" data-widget_type=\"text-editor.default\">\n\t\t\t\t<div class=\"elementor-widget-container\">\n\t\t\t\t\t\t\t\t\t<p><strong>Acoso y hostigamiento<\/strong><\/p>\n<ul>\n<li>Insultos en el chat.<\/li>\n<li>Spam.<\/li>\n<li>Ataques coordinados (raids maliciosos).<\/li>\n<\/ul>\t\t\t\t\t\t\t\t<\/div>\n\t\t\t\t<\/div>\n\t\t\t\t\t<\/div>\n\t\t<\/div>\n\t\t\t\t\t<\/div>\n\t\t<\/section>\n\t\t\t\t<section class=\"elementor-section elementor-inner-section elementor-element elementor-element-a189a5d elementor-section-boxed elementor-section-height-default elementor-section-height-default\" data-id=\"a189a5d\" data-element_type=\"section\" data-e-type=\"section\">\n\t\t\t\t\t\t<div class=\"elementor-container elementor-column-gap-default\">\n\t\t\t\t\t<div class=\"elementor-column elementor-col-50 elementor-inner-column elementor-element elementor-element-c0889fc\" data-id=\"c0889fc\" data-element_type=\"column\" data-e-type=\"column\">\n\t\t\t<div class=\"elementor-widget-wrap elementor-element-populated\">\n\t\t\t\t\t\t\t<\/div>\n\t\t<\/div>\n\t\t\t\t<div class=\"elementor-column elementor-col-50 elementor-inner-column elementor-element elementor-element-5eec3af\" data-id=\"5eec3af\" data-element_type=\"column\" data-e-type=\"column\">\n\t\t\t<div class=\"elementor-widget-wrap elementor-element-populated\">\n\t\t\t\t\t\t<div class=\"elementor-element elementor-element-c2370e4 elementor-widget elementor-widget-text-editor\" data-id=\"c2370e4\" data-element_type=\"widget\" data-e-type=\"widget\" data-widget_type=\"text-editor.default\">\n\t\t\t\t<div class=\"elementor-widget-container\">\n\t\t\t\t\t\t\t\t\t<p><strong>Phishing y estafas<\/strong><\/p>\n<p>Mensajes falsos de:<\/p>\n<ul>\n<li>Supuestos patrocinadores.<\/li>\n<\/ul>\n<ul class=\"wp-block-list\">\n<li>Soporte t\u00e9cnico.<\/li>\n<li>Solicitudes de c\u00f3digos de verificaci\u00f3n.<\/li>\n<\/ul>\t\t\t\t\t\t\t\t<\/div>\n\t\t\t\t<\/div>\n\t\t\t\t\t<\/div>\n\t\t<\/div>\n\t\t\t\t\t<\/div>\n\t\t<\/section>\n\t\t\t\t\t<\/div>\n\t\t<\/div>\n\t\t\t\t\t<\/div>\n\t\t<\/section>\n\t\t\t\t<section class=\"elementor-section elementor-top-section elementor-element elementor-element-39262c2 elementor-section-boxed elementor-section-height-default elementor-section-height-default\" data-id=\"39262c2\" data-element_type=\"section\" data-e-type=\"section\">\n\t\t\t\t\t\t<div class=\"elementor-container elementor-column-gap-default\">\n\t\t\t\t\t<div class=\"elementor-column elementor-col-100 elementor-top-column elementor-element elementor-element-ae54bce\" data-id=\"ae54bce\" data-element_type=\"column\" data-e-type=\"column\">\n\t\t\t<div class=\"elementor-widget-wrap elementor-element-populated\">\n\t\t\t\t\t\t<div class=\"elementor-element elementor-element-5c12c74 elementor-widget elementor-widget-spacer\" data-id=\"5c12c74\" data-element_type=\"widget\" data-e-type=\"widget\" data-widget_type=\"spacer.default\">\n\t\t\t\t<div class=\"elementor-widget-container\">\n\t\t\t\t\t\t\t<div class=\"elementor-spacer\">\n\t\t\t<div class=\"elementor-spacer-inner\"><\/div>\n\t\t<\/div>\n\t\t\t\t\t\t<\/div>\n\t\t\t\t<\/div>\n\t\t\t\t\t<\/div>\n\t\t<\/div>\n\t\t\t\t\t<\/div>\n\t\t<\/section>\n\t\t\t\t<section class=\"elementor-section elementor-top-section elementor-element elementor-element-f4558ad elementor-section-boxed elementor-section-height-default elementor-section-height-default\" data-id=\"f4558ad\" data-element_type=\"section\" data-e-type=\"section\">\n\t\t\t\t\t\t<div class=\"elementor-container elementor-column-gap-default\">\n\t\t\t\t\t<div class=\"elementor-column elementor-col-50 elementor-top-column elementor-element elementor-element-59e96c8\" data-id=\"59e96c8\" data-element_type=\"column\" data-e-type=\"column\">\n\t\t\t<div class=\"elementor-widget-wrap elementor-element-populated\">\n\t\t\t\t\t\t<div class=\"elementor-element elementor-element-c67a371 elementor-widget__width-initial elementor-widget elementor-widget-text-editor\" data-id=\"c67a371\" data-element_type=\"widget\" data-e-type=\"widget\" data-widget_type=\"text-editor.default\">\n\t\t\t\t<div class=\"elementor-widget-container\">\n\t\t\t\t\t\t\t\t\t<p><strong>C\u00f3mo mejorar tu seguridad en Twitch<\/strong><\/p>\n<ul>\n<li>Activa la autenticaci\u00f3n en dos pasos (2FA).<\/li>\n<li>Configura filtros autom\u00e1ticos en el chat.<\/li>\n<li>Usa correo exclusivo para Twitch.<\/li>\n<li>No muestres informaci\u00f3n privada en transmisiones.<\/li>\n<li>Revisa permisos de aplicaciones conectadas.<\/li>\n<li>Asigna moderadores de confianza.<\/li>\n<\/ul>\t\t\t\t\t\t\t\t<\/div>\n\t\t\t\t<\/div>\n\t\t\t\t\t<\/div>\n\t\t<\/div>\n\t\t\t\t<div class=\"elementor-column elementor-col-50 elementor-top-column elementor-element elementor-element-66d1c5a\" data-id=\"66d1c5a\" data-element_type=\"column\" data-e-type=\"column\">\n\t\t\t<div class=\"elementor-widget-wrap elementor-element-populated\">\n\t\t\t\t\t\t<div class=\"elementor-element elementor-element-74bf64d elementor-widget__width-initial elementor-widget elementor-widget-image\" data-id=\"74bf64d\" data-element_type=\"widget\" data-e-type=\"widget\" data-widget_type=\"image.default\">\n\t\t\t\t<div class=\"elementor-widget-container\">\n\t\t\t\t\t\t\t\t\t\t\t\t\t\t\t<img fetchpriority=\"high\" decoding=\"async\" width=\"715\" height=\"528\" src=\"https:\/\/panamacibersegura.gob.pa\/wp-content\/uploads\/2026\/03\/qq.jpg\" class=\"attachment-large size-large wp-image-4878\" alt=\"\" srcset=\"https:\/\/panamacibersegura.gob.pa\/wp-content\/uploads\/2026\/03\/qq.jpg 715w, https:\/\/panamacibersegura.gob.pa\/wp-content\/uploads\/2026\/03\/qq-300x222.jpg 300w\" sizes=\"(max-width: 715px) 100vw, 715px\" \/>\t\t\t\t\t\t\t\t\t\t\t\t\t\t\t<\/div>\n\t\t\t\t<\/div>\n\t\t\t\t\t<\/div>\n\t\t<\/div>\n\t\t\t\t\t<\/div>\n\t\t<\/section>\n\t\t\t\t<\/div>\n\t\t","protected":false},"excerpt":{"rendered":"<p>\u00bfQu\u00e9 es Twitch? Twitch es una plataforma de transmisiones en vivo (streaming) enfocada principalmente en videojuegos, pero tambi\u00e9n incluye contenido como m\u00fasica, arte, deportes electr\u00f3nicos (eSports), charlas y estilo de vida. Fue creada en 2011 como una divisi\u00f3n especializada de Justin.tv. En 2014, fue adquirida por Amazon. Twitch permite que los creadores transmitan en tiempo [&hellip;]<\/p>\n","protected":false},"author":2,"featured_media":0,"parent":0,"menu_order":0,"comment_status":"closed","ping_status":"closed","template":"","meta":{"_monsterinsights_skip_tracking":false,"_monsterinsights_sitenote_active":false,"_monsterinsights_sitenote_note":"","_monsterinsights_sitenote_category":0,"footnotes":""},"class_list":["post-4864","page","type-page","status-publish","hentry"],"_links":{"self":[{"href":"https:\/\/panamacibersegura.gob.pa\/index.php\/wp-json\/wp\/v2\/pages\/4864","targetHints":{"allow":["GET"]}}],"collection":[{"href":"https:\/\/panamacibersegura.gob.pa\/index.php\/wp-json\/wp\/v2\/pages"}],"about":[{"href":"https:\/\/panamacibersegura.gob.pa\/index.php\/wp-json\/wp\/v2\/types\/page"}],"author":[{"embeddable":true,"href":"https:\/\/panamacibersegura.gob.pa\/index.php\/wp-json\/wp\/v2\/users\/2"}],"replies":[{"embeddable":true,"href":"https:\/\/panamacibersegura.gob.pa\/index.php\/wp-json\/wp\/v2\/comments?post=4864"}],"version-history":[{"count":16,"href":"https:\/\/panamacibersegura.gob.pa\/index.php\/wp-json\/wp\/v2\/pages\/4864\/revisions"}],"predecessor-version":[{"id":4884,"href":"https:\/\/panamacibersegura.gob.pa\/index.php\/wp-json\/wp\/v2\/pages\/4864\/revisions\/4884"}],"wp:attachment":[{"href":"https:\/\/panamacibersegura.gob.pa\/index.php\/wp-json\/wp\/v2\/media?parent=4864"}],"curies":[{"name":"wp","href":"https:\/\/api.w.org\/{rel}","templated":true}]}}